{"id":3989,"date":"2021-01-04T14:09:52","date_gmt":"2021-01-04T13:09:52","guid":{"rendered":"https:\/\/cavalcade.lu\/?post_type=product&#038;p=3989"},"modified":"2023-03-09T08:47:46","modified_gmt":"2023-03-09T07:47:46","slug":"buch","status":"publish","type":"product","link":"https:\/\/cavalcade.lu\/de\/produit\/buch\/","title":{"rendered":"Buch &#8211; 150 Jar Dikricher Cavalcade"},"content":{"rendered":"<p>Vor 150 Jahren, am 28. Februar 1870, zog ein n\u00e4rrischer Umzug durch die Stra\u00dfen von Diekirch. Bei Gelegenheit dieses Jubil\u00e4ums hat der lokale Karnevalsverein, d\u2019Eselen aus der Sauerstad Dikrich, ein Erinnerungsbuch herausgegeben, das die lokale Fastnacht\u00a0seit ihren Urspr\u00fcngen im 19. Jahrhundert beleuchtet.<\/p>\n<p>Im ersten Teil dieser 500 Seiten z\u00e4hlenden Publikation untersucht Autor E. Breuskin, was es denn mit dieser oft beschworenen Diekircher Fastnachtstradition eigentlich\u00a0auf sich hat.<\/p>\n<p>Auch w\u00e4hrend der Zeit, wo es keine Kavalkaden gab, blieb der Ruf Diekirchs als Hochburg des Karnevals durch seine B\u00e4lle erhalten.<\/p>\n<p>1978 war dann von dem neugegr\u00fcndeten Karnevalsverein die richtige Rezeptur gefunden worden, sodass seit 1979 jedes Jahr wieder eine Kavalkade am Fastnachtssonntag\u00a0durch Diekirch zieht. Die Recherchen von Sandro Dimola zeigen im letzten Teil des Buches, was sich in diesen 4 Jahrzehnten an karnevalistischer Prosa und Lyrik angesammelt hat.<\/p>\n","protected":false},"excerpt":{"rendered":"<p>Format: 25 cm x 29 cm<\/p>\n","protected":false},"featured_media":3984,"template":"","meta":[],"product_cat":[],"product_tag":[],"acf":[],"yoast_head":"<!-- This site is optimized with the Yoast SEO plugin v21.9.1 - https:\/\/yoast.com\/wordpress\/plugins\/seo\/ -->\n<title>Buch - 150 Jar Dikricher Cavalcade - Carnaval de Diekirch<\/title>\n<meta name=\"robots\" content=\"index, follow, max-snippet:-1, max-image-preview:large, max-video-preview:-1\" \/>\n<link rel=\"canonical\" href=\"https:\/\/cavalcade.lu\/de\/produit\/buch\/\" \/>\n<meta property=\"og:locale\" content=\"de_DE\" \/>\n<meta property=\"og:type\" content=\"article\" \/>\n<meta property=\"og:title\" content=\"Buch - 150 Jar Dikricher Cavalcade - Carnaval de Diekirch\" \/>\n<meta property=\"og:description\" content=\"Format: 25 cm x 29 cm\" \/>\n<meta property=\"og:url\" content=\"https:\/\/cavalcade.lu\/de\/produit\/buch\/\" \/>\n<meta property=\"og:site_name\" content=\"Carnaval de Diekirch\" \/>\n<meta property=\"article:modified_time\" content=\"2023-03-09T07:47:46+00:00\" \/>\n<meta property=\"og:image\" content=\"https:\/\/cavalcade.lu\/wp-content\/uploads\/simple_book_mockup_bgweis-scaled.jpg\" \/>\n\t<meta property=\"og:image:width\" content=\"2370\" \/>\n\t<meta property=\"og:image:height\" content=\"2560\" \/>\n\t<meta property=\"og:image:type\" content=\"image\/jpeg\" \/>\n<meta name=\"twitter:card\" content=\"summary_large_image\" \/>\n<meta name=\"twitter:label1\" content=\"Gesch\u00e4tzte Lesezeit\" \/>\n\t<meta name=\"twitter:data1\" content=\"1\u00a0Minute\" \/>\n<script type=\"application\/ld+json\" class=\"yoast-schema-graph\">{\"@context\":\"https:\/\/schema.org\",\"@graph\":[{\"@type\":\"WebPage\",\"@id\":\"https:\/\/cavalcade.lu\/de\/produit\/buch\/\",\"url\":\"https:\/\/cavalcade.lu\/de\/produit\/buch\/\",\"name\":\"Buch - 150 Jar Dikricher Cavalcade - Carnaval de Diekirch\",\"isPartOf\":{\"@id\":\"https:\/\/cavalcade.lu\/fr\/#website\"},\"datePublished\":\"2021-01-04T13:09:52+00:00\",\"dateModified\":\"2023-03-09T07:47:46+00:00\",\"breadcrumb\":{\"@id\":\"https:\/\/cavalcade.lu\/de\/produit\/buch\/#breadcrumb\"},\"inLanguage\":\"de\",\"potentialAction\":[{\"@type\":\"ReadAction\",\"target\":[\"https:\/\/cavalcade.lu\/de\/produit\/buch\/\"]}]},{\"@type\":\"BreadcrumbList\",\"@id\":\"https:\/\/cavalcade.lu\/de\/produit\/buch\/#breadcrumb\",\"itemListElement\":[{\"@type\":\"ListItem\",\"position\":1,\"name\":\"Home\",\"item\":\"https:\/\/cavalcade.lu\/de\/\"},{\"@type\":\"ListItem\",\"position\":2,\"name\":\"Buch &#8211; 150 Jar Dikricher Cavalcade\"}]},{\"@type\":\"WebSite\",\"@id\":\"https:\/\/cavalcade.lu\/fr\/#website\",\"url\":\"https:\/\/cavalcade.lu\/fr\/\",\"name\":\"Carnaval de Diekirch\",\"description\":\"Depuis 1870, la cavalcade de Diekirch est la coutume du carnaval luxembourgeois.\",\"potentialAction\":[{\"@type\":\"SearchAction\",\"target\":{\"@type\":\"EntryPoint\",\"urlTemplate\":\"https:\/\/cavalcade.lu\/fr\/?s={search_term_string}\"},\"query-input\":\"required name=search_term_string\"}],\"inLanguage\":\"de\"}]}<\/script>\n<!-- \/ Yoast SEO plugin. -->","yoast_head_json":{"title":"Buch - 150 Jar Dikricher Cavalcade - Carnaval de Diekirch","robots":{"index":"index","follow":"follow","max-snippet":"max-snippet:-1","max-image-preview":"max-image-preview:large","max-video-preview":"max-video-preview:-1"},"canonical":"https:\/\/cavalcade.lu\/de\/produit\/buch\/","og_locale":"de_DE","og_type":"article","og_title":"Buch - 150 Jar Dikricher Cavalcade - Carnaval de Diekirch","og_description":"Format: 25 cm x 29 cm","og_url":"https:\/\/cavalcade.lu\/de\/produit\/buch\/","og_site_name":"Carnaval de Diekirch","article_modified_time":"2023-03-09T07:47:46+00:00","og_image":[{"width":2370,"height":2560,"url":"https:\/\/cavalcade.lu\/wp-content\/uploads\/simple_book_mockup_bgweis-scaled.jpg","type":"image\/jpeg"}],"twitter_card":"summary_large_image","twitter_misc":{"Gesch\u00e4tzte Lesezeit":"1\u00a0Minute"},"schema":{"@context":"https:\/\/schema.org","@graph":[{"@type":"WebPage","@id":"https:\/\/cavalcade.lu\/de\/produit\/buch\/","url":"https:\/\/cavalcade.lu\/de\/produit\/buch\/","name":"Buch - 150 Jar Dikricher Cavalcade - Carnaval de Diekirch","isPartOf":{"@id":"https:\/\/cavalcade.lu\/fr\/#website"},"datePublished":"2021-01-04T13:09:52+00:00","dateModified":"2023-03-09T07:47:46+00:00","breadcrumb":{"@id":"https:\/\/cavalcade.lu\/de\/produit\/buch\/#breadcrumb"},"inLanguage":"de","potentialAction":[{"@type":"ReadAction","target":["https:\/\/cavalcade.lu\/de\/produit\/buch\/"]}]},{"@type":"BreadcrumbList","@id":"https:\/\/cavalcade.lu\/de\/produit\/buch\/#breadcrumb","itemListElement":[{"@type":"ListItem","position":1,"name":"Home","item":"https:\/\/cavalcade.lu\/de\/"},{"@type":"ListItem","position":2,"name":"Buch &#8211; 150 Jar Dikricher Cavalcade"}]},{"@type":"WebSite","@id":"https:\/\/cavalcade.lu\/fr\/#website","url":"https:\/\/cavalcade.lu\/fr\/","name":"Carnaval de Diekirch","description":"Depuis 1870, la cavalcade de Diekirch est la coutume du carnaval luxembourgeois.","potentialAction":[{"@type":"SearchAction","target":{"@type":"EntryPoint","urlTemplate":"https:\/\/cavalcade.lu\/fr\/?s={search_term_string}"},"query-input":"required name=search_term_string"}],"inLanguage":"de"}]}},"_links":{"self":[{"href":"https:\/\/cavalcade.lu\/de\/wp-json\/wp\/v2\/product\/3989"}],"collection":[{"href":"https:\/\/cavalcade.lu\/de\/wp-json\/wp\/v2\/product"}],"about":[{"href":"https:\/\/cavalcade.lu\/de\/wp-json\/wp\/v2\/types\/product"}],"wp:featuredmedia":[{"embeddable":true,"href":"https:\/\/cavalcade.lu\/de\/wp-json\/wp\/v2\/media\/3984"}],"wp:attachment":[{"href":"https:\/\/cavalcade.lu\/de\/wp-json\/wp\/v2\/media?parent=3989"}],"wp:term":[{"taxonomy":"product_cat","embeddable":true,"href":"https:\/\/cavalcade.lu\/de\/wp-json\/wp\/v2\/product_cat?post=3989"},{"taxonomy":"product_tag","embeddable":true,"href":"https:\/\/cavalcade.lu\/de\/wp-json\/wp\/v2\/product_tag?post=3989"}],"curies":[{"name":"wp","href":"https:\/\/api.w.org\/{rel}","templated":true}]}}