{"id":5025,"date":"2022-02-12T12:02:21","date_gmt":"2022-02-12T11:02:21","guid":{"rendered":"https:\/\/cavalcade.lu\/produit\/fahne-mit-3cm-o-hohlsaum\/"},"modified":"2024-01-16T13:16:54","modified_gmt":"2024-01-16T12:16:54","slug":"fahne-mit-3cm-o-hohlsaum","status":"publish","type":"product","link":"https:\/\/cavalcade.lu\/de\/produit\/fahne-mit-3cm-o-hohlsaum\/","title":{"rendered":"Fahne mit 3 cm \u00f8 Hohlsaum"},"content":{"rendered":"","protected":false},"excerpt":{"rendered":"<p>Gr\u00f6\u00dfe : 96 x 58,5 cm<\/p>\n","protected":false},"featured_media":5016,"template":"","meta":[],"product_cat":[38],"product_tag":[],"acf":[],"yoast_head":"<!-- This site is optimized with the Yoast SEO plugin v21.9.1 - https:\/\/yoast.com\/wordpress\/plugins\/seo\/ -->\n<title>Fahne mit 3 cm \u00f8 Hohlsaum - Carnaval de Diekirch<\/title>\n<meta name=\"robots\" content=\"index, follow, max-snippet:-1, max-image-preview:large, max-video-preview:-1\" \/>\n<link rel=\"canonical\" href=\"https:\/\/cavalcade.lu\/de\/produit\/fahne-mit-3cm-o-hohlsaum\/\" \/>\n<meta property=\"og:locale\" content=\"de_DE\" \/>\n<meta property=\"og:type\" content=\"article\" \/>\n<meta property=\"og:title\" content=\"Fahne mit 3 cm \u00f8 Hohlsaum - Carnaval de Diekirch\" \/>\n<meta property=\"og:description\" content=\"Gr\u00f6\u00dfe : 96 x 58,5 cm\" \/>\n<meta property=\"og:url\" content=\"https:\/\/cavalcade.lu\/de\/produit\/fahne-mit-3cm-o-hohlsaum\/\" \/>\n<meta property=\"og:site_name\" content=\"Carnaval de Diekirch\" \/>\n<meta property=\"article:modified_time\" content=\"2024-01-16T12:16:54+00:00\" \/>\n<meta property=\"og:image\" content=\"https:\/\/cavalcade.lu\/wp-content\/uploads\/cd181e1d-8438-4878-8f03-3c3f9943e568-scaled.jpeg\" \/>\n\t<meta property=\"og:image:width\" content=\"2560\" \/>\n\t<meta property=\"og:image:height\" content=\"1707\" \/>\n\t<meta property=\"og:image:type\" content=\"image\/jpeg\" \/>\n<meta name=\"twitter:card\" content=\"summary_large_image\" \/>\n<script type=\"application\/ld+json\" class=\"yoast-schema-graph\">{\"@context\":\"https:\/\/schema.org\",\"@graph\":[{\"@type\":\"WebPage\",\"@id\":\"https:\/\/cavalcade.lu\/de\/produit\/fahne-mit-3cm-o-hohlsaum\/\",\"url\":\"https:\/\/cavalcade.lu\/de\/produit\/fahne-mit-3cm-o-hohlsaum\/\",\"name\":\"Fahne mit 3 cm \u00f8 Hohlsaum - Carnaval de Diekirch\",\"isPartOf\":{\"@id\":\"https:\/\/cavalcade.lu\/fr\/#website\"},\"datePublished\":\"2022-02-12T11:02:21+00:00\",\"dateModified\":\"2024-01-16T12:16:54+00:00\",\"breadcrumb\":{\"@id\":\"https:\/\/cavalcade.lu\/de\/produit\/fahne-mit-3cm-o-hohlsaum\/#breadcrumb\"},\"inLanguage\":\"de\",\"potentialAction\":[{\"@type\":\"ReadAction\",\"target\":[\"https:\/\/cavalcade.lu\/de\/produit\/fahne-mit-3cm-o-hohlsaum\/\"]}]},{\"@type\":\"BreadcrumbList\",\"@id\":\"https:\/\/cavalcade.lu\/de\/produit\/fahne-mit-3cm-o-hohlsaum\/#breadcrumb\",\"itemListElement\":[{\"@type\":\"ListItem\",\"position\":1,\"name\":\"Home\",\"item\":\"https:\/\/cavalcade.lu\/de\/\"},{\"@type\":\"ListItem\",\"position\":2,\"name\":\"Fahne mit 3 cm \u00f8 Hohlsaum\"}]},{\"@type\":\"WebSite\",\"@id\":\"https:\/\/cavalcade.lu\/fr\/#website\",\"url\":\"https:\/\/cavalcade.lu\/fr\/\",\"name\":\"Carnaval de Diekirch\",\"description\":\"Depuis 1870, la cavalcade de Diekirch est la coutume du carnaval luxembourgeois.\",\"potentialAction\":[{\"@type\":\"SearchAction\",\"target\":{\"@type\":\"EntryPoint\",\"urlTemplate\":\"https:\/\/cavalcade.lu\/fr\/?s={search_term_string}\"},\"query-input\":\"required name=search_term_string\"}],\"inLanguage\":\"de\"}]}<\/script>\n<!-- \/ Yoast SEO plugin. -->","yoast_head_json":{"title":"Fahne mit 3 cm \u00f8 Hohlsaum - Carnaval de Diekirch","robots":{"index":"index","follow":"follow","max-snippet":"max-snippet:-1","max-image-preview":"max-image-preview:large","max-video-preview":"max-video-preview:-1"},"canonical":"https:\/\/cavalcade.lu\/de\/produit\/fahne-mit-3cm-o-hohlsaum\/","og_locale":"de_DE","og_type":"article","og_title":"Fahne mit 3 cm \u00f8 Hohlsaum - Carnaval de Diekirch","og_description":"Gr\u00f6\u00dfe : 96 x 58,5 cm","og_url":"https:\/\/cavalcade.lu\/de\/produit\/fahne-mit-3cm-o-hohlsaum\/","og_site_name":"Carnaval de Diekirch","article_modified_time":"2024-01-16T12:16:54+00:00","og_image":[{"width":2560,"height":1707,"url":"https:\/\/cavalcade.lu\/wp-content\/uploads\/cd181e1d-8438-4878-8f03-3c3f9943e568-scaled.jpeg","type":"image\/jpeg"}],"twitter_card":"summary_large_image","schema":{"@context":"https:\/\/schema.org","@graph":[{"@type":"WebPage","@id":"https:\/\/cavalcade.lu\/de\/produit\/fahne-mit-3cm-o-hohlsaum\/","url":"https:\/\/cavalcade.lu\/de\/produit\/fahne-mit-3cm-o-hohlsaum\/","name":"Fahne mit 3 cm \u00f8 Hohlsaum - Carnaval de Diekirch","isPartOf":{"@id":"https:\/\/cavalcade.lu\/fr\/#website"},"datePublished":"2022-02-12T11:02:21+00:00","dateModified":"2024-01-16T12:16:54+00:00","breadcrumb":{"@id":"https:\/\/cavalcade.lu\/de\/produit\/fahne-mit-3cm-o-hohlsaum\/#breadcrumb"},"inLanguage":"de","potentialAction":[{"@type":"ReadAction","target":["https:\/\/cavalcade.lu\/de\/produit\/fahne-mit-3cm-o-hohlsaum\/"]}]},{"@type":"BreadcrumbList","@id":"https:\/\/cavalcade.lu\/de\/produit\/fahne-mit-3cm-o-hohlsaum\/#breadcrumb","itemListElement":[{"@type":"ListItem","position":1,"name":"Home","item":"https:\/\/cavalcade.lu\/de\/"},{"@type":"ListItem","position":2,"name":"Fahne mit 3 cm \u00f8 Hohlsaum"}]},{"@type":"WebSite","@id":"https:\/\/cavalcade.lu\/fr\/#website","url":"https:\/\/cavalcade.lu\/fr\/","name":"Carnaval de Diekirch","description":"Depuis 1870, la cavalcade de Diekirch est la coutume du carnaval luxembourgeois.","potentialAction":[{"@type":"SearchAction","target":{"@type":"EntryPoint","urlTemplate":"https:\/\/cavalcade.lu\/fr\/?s={search_term_string}"},"query-input":"required name=search_term_string"}],"inLanguage":"de"}]}},"_links":{"self":[{"href":"https:\/\/cavalcade.lu\/de\/wp-json\/wp\/v2\/product\/5025"}],"collection":[{"href":"https:\/\/cavalcade.lu\/de\/wp-json\/wp\/v2\/product"}],"about":[{"href":"https:\/\/cavalcade.lu\/de\/wp-json\/wp\/v2\/types\/product"}],"wp:featuredmedia":[{"embeddable":true,"href":"https:\/\/cavalcade.lu\/de\/wp-json\/wp\/v2\/media\/5016"}],"wp:attachment":[{"href":"https:\/\/cavalcade.lu\/de\/wp-json\/wp\/v2\/media?parent=5025"}],"wp:term":[{"taxonomy":"product_cat","embeddable":true,"href":"https:\/\/cavalcade.lu\/de\/wp-json\/wp\/v2\/product_cat?post=5025"},{"taxonomy":"product_tag","embeddable":true,"href":"https:\/\/cavalcade.lu\/de\/wp-json\/wp\/v2\/product_tag?post=5025"}],"curies":[{"name":"wp","href":"https:\/\/api.w.org\/{rel}","templated":true}]}}