{"id":9,"date":"2018-04-24T15:33:37","date_gmt":"2018-04-24T13:33:37","guid":{"rendered":"https:\/\/cavalcade.lu\/mentions-legales\/"},"modified":"2023-05-24T10:10:25","modified_gmt":"2023-05-24T08:10:25","slug":"mentions-legales","status":"publish","type":"page","link":"https:\/\/cavalcade.lu\/fr\/mentions-legales\/","title":{"rendered":"Mentions l\u00e9gales"},"content":{"rendered":"<h3>EDITEUR RESPONSABLE<\/h3>\n<p>d&rsquo;Eselen aus der Sauerstad Dikrich<br \/>\n<span style=\"line-height: 1.5;\">Bo\u00eete postale 131 | L-9202 Diekirch<\/span><\/p>\n<h3>COPYRIGHT<\/h3>\n<p>\u00a9 2015 d&rsquo;Eselen aus der Sauerstad Dikrich &amp; SAN&rsquo;DESIGN \/\u00a0Sandro Dimola, tous droits r\u00e9serv\u00e9s.<\/p>\n<p>Photos &amp; illustrations: \u00a9 d&rsquo;Eselen aus der Sauerstad Dikrich &amp; SAN&rsquo;DESIGN \/\u00a0Sandro Dimola.<\/p>\n<p>L&rsquo;ensemble de ce site est soumis aux l\u00e9gislations en vigueur sur les droits d&rsquo;auteur et la propri\u00e9t\u00e9 intellectuelle. Tous les textes, illustrations ou autres contenus sont prot\u00e9g\u00e9s par un droit d\u2019auteur et toute reproduction est strictement interdite.<\/p>\n<h3>WEB DESIGN<\/h3>\n<p>S\u200bAN\u2018DESIGN<\/p>\n<p>Agence de communication<\/p>\n<p>Kapellestrooss 9<br \/>\n9780 Wincrange<br \/>\nLuxembourg<br \/>\nT\u00e9l.: +352 \/ 26 91 49 80<br \/>\n<a href=\"http:\/\/www.san.lu\/\">http:\/\/www.san.lu\/<\/a><br \/>\nVAT ID: LU 23210683<\/p>\n<h3>REALISATION<\/h3>\n<p>AEDES IT S.\u00e0.r.l.<\/p>\n<p><span style=\"line-height: 1.5;\">Am Hock, 4<br \/>\n<\/span><span style=\"line-height: 1.5;\">9991 Weiswampach<br \/>\n<\/span><span style=\"line-height: 1.5;\">Luxembourg<br \/>\n<\/span><a style=\"line-height: 1.5;\" href=\"http:\/\/www.aedesit.com\/\">http:\/\/www.aedesit.com<\/a><br \/>\n<span style=\"line-height: 1.5;\">VAT ID: LU 26523616<\/span><\/p>\n<h3>WEB HOSTING \/ DATACENTER<\/h3>\n<p>SAS OVH<\/p>\n<p>Rue Kellermann, 2<br \/>\n<span style=\"line-height: 1.5;\">59100 Roubaix<br \/>\n<\/span><span style=\"line-height: 1.5;\">France<br \/>\n<\/span><span style=\"line-height: 1.5;\">VAT ID: FR 22 424 761 419<br \/>\n<\/span><a style=\"line-height: 1.5;\" href=\"https:\/\/www.ovh.com\/fr\/support\/documents_legaux\">https:\/\/www.ovh.com\/fr\/support\/documents_legaux<\/a><\/p>\n<h3>CHAMP D\u2019APPLICATION<\/h3>\n<p>Les pr\u00e9sentes conditions s\u2019appliquent \u00e0 l\u2019ensemble du site URLSite sans pr\u00e9judice des conditions sp\u00e9cifiques qui sont r\u00e9serv\u00e9es \u00e0 certaines parties de ce site.<\/p>\n<h3>DISCLAIMER<\/h3>\n<p>Ce site internet fournit des informations sur Cavalcade de Diekirch, ses services fournis, ses projets en cours e.a.. L&rsquo;information contenue sur ce site internet est fournie uniquement \u00e0 titre informatif. L&rsquo;asbl \u00ab\u00a0d&rsquo;Eselen aus der Sauerstad Dikrich\u00a0\u00bb essaie de s\u2019assurer que le contenu de ce site internet est correct et r\u00e9guli\u00e8rement mis \u00e0 jour. Toutefois, \u200bl&rsquo;asbl \u00ab\u00a0d&rsquo;Eselen aus der Sauerstad Dikrich\u00a0\u00bb ne garantit pas le caract\u00e8re exact, fiable, ad\u00e9quat, complet et \u00e0 jour du contenu de ce site internet. L&rsquo;asbl \u00ab\u00a0d&rsquo;Eselen aus der Sauerstad Dikrich\u00a0\u00bb ne pourra en aucun cas \u00eatre tenu responsable pour quelque dommage que ce soit survenant de l&rsquo;acc\u00e8s \u00e0 ou de l&rsquo;utilisation de ce site internet ou de son contenu.<\/p>\n<h3>DROITS DE PROPRIETE INTELLECTUELLE<\/h3>\n<p>L&rsquo;asbl \u00ab\u00a0d&rsquo;Eselen aus der Sauerstad Dikrich\u00a0\u00bb est prot\u00e9g\u00e9 par les droits d\u2019auteur en ce qui concerne la maquette et le contenu de ce site internet et\/ou de ces lettres d\u2019information. Toute reproduction ou adaptation totale ou partielle de ce site internet et\/ou de ces lettres d\u2019information, quelle que soit la forme et quelle que soit l\u2019utilisation, est strictement interdite sans l\u2019accord pr\u00e9alable et \u00e9crit de \u200bl&rsquo;asbl \u00ab\u00a0d&rsquo;Eselen aus der Sauerstad Dikrich\u00a0\u00bb.<\/p>\n<h3>LIENS VERS D\u2019AUTRES SITES<\/h3>\n<p>Les hyperliens vers des sites internet de tiers disponibles sur ce site internet sont fournis pour votre facilit\u00e9. Si vous d\u00e9cidez d&rsquo;utiliser ces liens, vous quitterez ce site internet. L&rsquo;asbl \u00ab\u00a0d&rsquo;Eselen aus der Sauerstad Dikrich\u00a0\u00bb ne peut \u00eatre tenu responsable du contenu des sites internet de tiers.<\/p>\n<h3>DROIT APPLICABLE ET JURIDICTIONS COMPETENTES<\/h3>\n<p>Votre acc\u00e8s et utilisation de ce site internet sont r\u00e9gis par le droit du pays dans lequel \u200bl&rsquo;asbl \u00ab\u00a0d&rsquo;Eselen aus der Sauerstad Dikrich\u00a0\u00bb est situ\u00e9. Les tribunaux comp\u00e9tents du si\u00e8ge social de \u200bl&rsquo;asbl \u00ab\u00a0d&rsquo;Eselen aus der Sauerstad Dikrich\u00a0\u00bb sont seuls comp\u00e9tents pour toute dispute li\u00e9e \u00e0 l&rsquo;acc\u00e8s ou \u00e0 l&rsquo;utilisation de ce site internet.<\/p>\n","protected":false},"excerpt":{"rendered":"<p>EDITEUR RESPONSABLE d&rsquo;Eselen aus der Sauerstad Dikrich Bo\u00eete postale 131 | L-9202 Diekirch COPYRIGHT \u00a9 2015 d&rsquo;Eselen aus der Sauerstad [&hellip;]<\/p>\n","protected":false},"author":2,"featured_media":0,"parent":0,"menu_order":27,"comment_status":"closed","ping_status":"closed","template":"page-imprint.php","meta":{"footnotes":""},"acf":[],"yoast_head":"<!-- This site is optimized with the Yoast SEO plugin v21.9.1 - https:\/\/yoast.com\/wordpress\/plugins\/seo\/ -->\n<title>Mentions l\u00e9gales - Carnaval de Diekirch<\/title>\n<meta name=\"description\" content=\"Depuis 1870, la cavalcade de Diekirch est la coutume du carnaval luxembourgeois.\" \/>\n<meta name=\"robots\" content=\"index, follow, max-snippet:-1, max-image-preview:large, max-video-preview:-1\" \/>\n<link rel=\"canonical\" href=\"https:\/\/cavalcade.lu\/fr\/mentions-legales\/\" \/>\n<meta property=\"og:locale\" content=\"fr_FR\" \/>\n<meta property=\"og:type\" content=\"article\" \/>\n<meta property=\"og:title\" content=\"Mentions l\u00e9gales - Carnaval de Diekirch\" \/>\n<meta property=\"og:description\" content=\"Depuis 1870, la cavalcade de Diekirch est la coutume du carnaval luxembourgeois.\" \/>\n<meta property=\"og:url\" content=\"https:\/\/cavalcade.lu\/fr\/mentions-legales\/\" \/>\n<meta property=\"og:site_name\" content=\"Carnaval de Diekirch\" \/>\n<meta property=\"article:modified_time\" content=\"2023-05-24T08:10:25+00:00\" \/>\n<meta name=\"twitter:card\" content=\"summary_large_image\" \/>\n<meta name=\"twitter:label1\" content=\"Dur\u00e9e de lecture estim\u00e9e\" \/>\n\t<meta name=\"twitter:data1\" content=\"3 minutes\" \/>\n<script type=\"application\/ld+json\" class=\"yoast-schema-graph\">{\"@context\":\"https:\/\/schema.org\",\"@graph\":[{\"@type\":\"WebPage\",\"@id\":\"https:\/\/cavalcade.lu\/fr\/mentions-legales\/\",\"url\":\"https:\/\/cavalcade.lu\/fr\/mentions-legales\/\",\"name\":\"Mentions l\u00e9gales - Carnaval de Diekirch\",\"isPartOf\":{\"@id\":\"https:\/\/cavalcade.lu\/fr\/#website\"},\"datePublished\":\"2018-04-24T13:33:37+00:00\",\"dateModified\":\"2023-05-24T08:10:25+00:00\",\"description\":\"Depuis 1870, la cavalcade de Diekirch est la coutume du carnaval luxembourgeois.\",\"breadcrumb\":{\"@id\":\"https:\/\/cavalcade.lu\/fr\/mentions-legales\/#breadcrumb\"},\"inLanguage\":\"fr-FR\",\"potentialAction\":[{\"@type\":\"ReadAction\",\"target\":[\"https:\/\/cavalcade.lu\/fr\/mentions-legales\/\"]}]},{\"@type\":\"BreadcrumbList\",\"@id\":\"https:\/\/cavalcade.lu\/fr\/mentions-legales\/#breadcrumb\",\"itemListElement\":[{\"@type\":\"ListItem\",\"position\":1,\"name\":\"Home\",\"item\":\"https:\/\/cavalcade.lu\/fr\/\"},{\"@type\":\"ListItem\",\"position\":2,\"name\":\"Mentions l\u00e9gales\"}]},{\"@type\":\"WebSite\",\"@id\":\"https:\/\/cavalcade.lu\/fr\/#website\",\"url\":\"https:\/\/cavalcade.lu\/fr\/\",\"name\":\"Carnaval de Diekirch\",\"description\":\"Depuis 1870, la cavalcade de Diekirch est la coutume du carnaval luxembourgeois.\",\"potentialAction\":[{\"@type\":\"SearchAction\",\"target\":{\"@type\":\"EntryPoint\",\"urlTemplate\":\"https:\/\/cavalcade.lu\/fr\/?s={search_term_string}\"},\"query-input\":\"required name=search_term_string\"}],\"inLanguage\":\"fr-FR\"}]}<\/script>\n<!-- \/ Yoast SEO plugin. -->","yoast_head_json":{"title":"Mentions l\u00e9gales - Carnaval de Diekirch","description":"Depuis 1870, la cavalcade de Diekirch est la coutume du carnaval luxembourgeois.","robots":{"index":"index","follow":"follow","max-snippet":"max-snippet:-1","max-image-preview":"max-image-preview:large","max-video-preview":"max-video-preview:-1"},"canonical":"https:\/\/cavalcade.lu\/fr\/mentions-legales\/","og_locale":"fr_FR","og_type":"article","og_title":"Mentions l\u00e9gales - Carnaval de Diekirch","og_description":"Depuis 1870, la cavalcade de Diekirch est la coutume du carnaval luxembourgeois.","og_url":"https:\/\/cavalcade.lu\/fr\/mentions-legales\/","og_site_name":"Carnaval de Diekirch","article_modified_time":"2023-05-24T08:10:25+00:00","twitter_card":"summary_large_image","twitter_misc":{"Dur\u00e9e de lecture estim\u00e9e":"3 minutes"},"schema":{"@context":"https:\/\/schema.org","@graph":[{"@type":"WebPage","@id":"https:\/\/cavalcade.lu\/fr\/mentions-legales\/","url":"https:\/\/cavalcade.lu\/fr\/mentions-legales\/","name":"Mentions l\u00e9gales - Carnaval de Diekirch","isPartOf":{"@id":"https:\/\/cavalcade.lu\/fr\/#website"},"datePublished":"2018-04-24T13:33:37+00:00","dateModified":"2023-05-24T08:10:25+00:00","description":"Depuis 1870, la cavalcade de Diekirch est la coutume du carnaval luxembourgeois.","breadcrumb":{"@id":"https:\/\/cavalcade.lu\/fr\/mentions-legales\/#breadcrumb"},"inLanguage":"fr-FR","potentialAction":[{"@type":"ReadAction","target":["https:\/\/cavalcade.lu\/fr\/mentions-legales\/"]}]},{"@type":"BreadcrumbList","@id":"https:\/\/cavalcade.lu\/fr\/mentions-legales\/#breadcrumb","itemListElement":[{"@type":"ListItem","position":1,"name":"Home","item":"https:\/\/cavalcade.lu\/fr\/"},{"@type":"ListItem","position":2,"name":"Mentions l\u00e9gales"}]},{"@type":"WebSite","@id":"https:\/\/cavalcade.lu\/fr\/#website","url":"https:\/\/cavalcade.lu\/fr\/","name":"Carnaval de Diekirch","description":"Depuis 1870, la cavalcade de Diekirch est la coutume du carnaval luxembourgeois.","potentialAction":[{"@type":"SearchAction","target":{"@type":"EntryPoint","urlTemplate":"https:\/\/cavalcade.lu\/fr\/?s={search_term_string}"},"query-input":"required name=search_term_string"}],"inLanguage":"fr-FR"}]}},"_links":{"self":[{"href":"https:\/\/cavalcade.lu\/fr\/wp-json\/wp\/v2\/pages\/9"}],"collection":[{"href":"https:\/\/cavalcade.lu\/fr\/wp-json\/wp\/v2\/pages"}],"about":[{"href":"https:\/\/cavalcade.lu\/fr\/wp-json\/wp\/v2\/types\/page"}],"author":[{"embeddable":true,"href":"https:\/\/cavalcade.lu\/fr\/wp-json\/wp\/v2\/users\/2"}],"replies":[{"embeddable":true,"href":"https:\/\/cavalcade.lu\/fr\/wp-json\/wp\/v2\/comments?post=9"}],"version-history":[{"count":0,"href":"https:\/\/cavalcade.lu\/fr\/wp-json\/wp\/v2\/pages\/9\/revisions"}],"wp:attachment":[{"href":"https:\/\/cavalcade.lu\/fr\/wp-json\/wp\/v2\/media?parent=9"}],"curies":[{"name":"wp","href":"https:\/\/api.w.org\/{rel}","templated":true}]}}