{"id":3993,"date":"2021-01-04T14:09:52","date_gmt":"2021-01-04T13:15:00","guid":{"rendered":"https:\/\/cavalcade.lu\/?post_type=product&#038;p=3993"},"modified":"2022-10-10T09:31:35","modified_gmt":"2022-10-10T07:31:35","slug":"livre-150-jar-dikricher-cavalcade","status":"publish","type":"product","link":"https:\/\/cavalcade.lu\/fr\/produit\/livre-150-jar-dikricher-cavalcade\/","title":{"rendered":"Livre &#8211; 150 Jar Dikricher Cavalcade"},"content":{"rendered":"<p>Il y a 150 ans, le 28 f\u00e9vrier 1870, un d\u00e9fil\u00e9 de Carnaval a travers\u00e9 les rues de Diekirch. A l\u2019occasion de cet anniversaire, l\u2019association locale du carnavale, d\u2019Eselen aus der Sauerstad Dikrich, a \u00e9dit\u00e9 un livre de souvenirs qui rappelle le carnaval local depuis ses origines au 19\u00e8me si\u00e8cle.<span class=\"Apple-converted-space\">\u00a0<\/span><\/p>\n<p>Dans la premi\u00e8re partie de cette publication de 500 pages, l\u2019auteur E. Breuskin \u00e9tudie ce qu\u2019il en est r\u00e9ellement de cette tradition de carnaval de Diekirch souvent \u00e9voqu\u00e9e.<span class=\"Apple-converted-space\">\u00a0<\/span><\/p>\n<p>M\u00eame \u00e0 l\u2019\u00e9poque o\u00f9 il n\u2019y avait pas de cavalcades, la r\u00e9putation de Diekirch comme bastion du carnaval fut pr\u00e9serv\u00e9e gr\u00e2ce \u00e0 ses bals.<span class=\"Apple-converted-space\">\u00a0<\/span><\/p>\n<p>En 1978, la nouvelle association de carnaval a trouv\u00e9 la recette correcte, de sorte que depuis 1979, chaque ann\u00e9e un cort\u00e8ge se d\u00e9place \u00e0 Diekirch le dimanche de carnaval. Les recherches de Sandro Dimola montrent dans la derni\u00e8re partie du livre ce qui s\u2019est accumul\u00e9 au cours de ces quatre d\u00e9cennies de prose et de po\u00e9sie carnavalesques.<\/p>\n","protected":false},"excerpt":{"rendered":"<p>Format: 25 cm x 29 cm<\/p>\n<p>&nbsp;<\/p>\n","protected":false},"featured_media":3983,"template":"","meta":[],"product_cat":[31],"product_tag":[],"acf":[],"yoast_head":"<!-- This site is optimized with the Yoast SEO plugin v21.9.1 - https:\/\/yoast.com\/wordpress\/plugins\/seo\/ -->\n<title>Livre - 150 Jar Dikricher Cavalcade - Carnaval de Diekirch<\/title>\n<meta name=\"robots\" content=\"index, follow, max-snippet:-1, max-image-preview:large, max-video-preview:-1\" \/>\n<link rel=\"canonical\" href=\"https:\/\/cavalcade.lu\/fr\/produit\/livre-150-jar-dikricher-cavalcade\/\" \/>\n<meta property=\"og:locale\" content=\"fr_FR\" \/>\n<meta property=\"og:type\" content=\"article\" \/>\n<meta property=\"og:title\" content=\"Livre - 150 Jar Dikricher Cavalcade - Carnaval de Diekirch\" \/>\n<meta property=\"og:description\" content=\"Format: 25 cm x 29 cm  &nbsp;\" \/>\n<meta property=\"og:url\" content=\"https:\/\/cavalcade.lu\/fr\/produit\/livre-150-jar-dikricher-cavalcade\/\" \/>\n<meta property=\"og:site_name\" content=\"Carnaval de Diekirch\" \/>\n<meta property=\"article:modified_time\" content=\"2022-10-10T07:31:35+00:00\" \/>\n<meta property=\"og:image\" content=\"https:\/\/cavalcade.lu\/wp-content\/uploads\/simple_book_mockup_bgweis-scaled.jpg\" \/>\n\t<meta property=\"og:image:width\" content=\"2370\" \/>\n\t<meta property=\"og:image:height\" content=\"2560\" \/>\n\t<meta property=\"og:image:type\" content=\"image\/jpeg\" \/>\n<meta name=\"twitter:card\" content=\"summary_large_image\" \/>\n<meta name=\"twitter:label1\" content=\"Dur\u00e9e de lecture estim\u00e9e\" \/>\n\t<meta name=\"twitter:data1\" content=\"1 minute\" \/>\n<script type=\"application\/ld+json\" class=\"yoast-schema-graph\">{\"@context\":\"https:\/\/schema.org\",\"@graph\":[{\"@type\":\"WebPage\",\"@id\":\"https:\/\/cavalcade.lu\/fr\/produit\/livre-150-jar-dikricher-cavalcade\/\",\"url\":\"https:\/\/cavalcade.lu\/fr\/produit\/livre-150-jar-dikricher-cavalcade\/\",\"name\":\"Livre - 150 Jar Dikricher Cavalcade - Carnaval de Diekirch\",\"isPartOf\":{\"@id\":\"https:\/\/cavalcade.lu\/fr\/#website\"},\"datePublished\":\"2021-01-04T13:15:00+00:00\",\"dateModified\":\"2022-10-10T07:31:35+00:00\",\"breadcrumb\":{\"@id\":\"https:\/\/cavalcade.lu\/fr\/produit\/livre-150-jar-dikricher-cavalcade\/#breadcrumb\"},\"inLanguage\":\"fr-FR\",\"potentialAction\":[{\"@type\":\"ReadAction\",\"target\":[\"https:\/\/cavalcade.lu\/fr\/produit\/livre-150-jar-dikricher-cavalcade\/\"]}]},{\"@type\":\"BreadcrumbList\",\"@id\":\"https:\/\/cavalcade.lu\/fr\/produit\/livre-150-jar-dikricher-cavalcade\/#breadcrumb\",\"itemListElement\":[{\"@type\":\"ListItem\",\"position\":1,\"name\":\"Home\",\"item\":\"https:\/\/cavalcade.lu\/fr\/\"},{\"@type\":\"ListItem\",\"position\":2,\"name\":\"Livre &#8211; 150 Jar Dikricher Cavalcade\"}]},{\"@type\":\"WebSite\",\"@id\":\"https:\/\/cavalcade.lu\/fr\/#website\",\"url\":\"https:\/\/cavalcade.lu\/fr\/\",\"name\":\"Carnaval de Diekirch\",\"description\":\"Depuis 1870, la cavalcade de Diekirch est la coutume du carnaval luxembourgeois.\",\"potentialAction\":[{\"@type\":\"SearchAction\",\"target\":{\"@type\":\"EntryPoint\",\"urlTemplate\":\"https:\/\/cavalcade.lu\/fr\/?s={search_term_string}\"},\"query-input\":\"required name=search_term_string\"}],\"inLanguage\":\"fr-FR\"}]}<\/script>\n<!-- \/ Yoast SEO plugin. -->","yoast_head_json":{"title":"Livre - 150 Jar Dikricher Cavalcade - Carnaval de Diekirch","robots":{"index":"index","follow":"follow","max-snippet":"max-snippet:-1","max-image-preview":"max-image-preview:large","max-video-preview":"max-video-preview:-1"},"canonical":"https:\/\/cavalcade.lu\/fr\/produit\/livre-150-jar-dikricher-cavalcade\/","og_locale":"fr_FR","og_type":"article","og_title":"Livre - 150 Jar Dikricher Cavalcade - Carnaval de Diekirch","og_description":"Format: 25 cm x 29 cm  &nbsp;","og_url":"https:\/\/cavalcade.lu\/fr\/produit\/livre-150-jar-dikricher-cavalcade\/","og_site_name":"Carnaval de Diekirch","article_modified_time":"2022-10-10T07:31:35+00:00","og_image":[{"width":2370,"height":2560,"url":"https:\/\/cavalcade.lu\/wp-content\/uploads\/simple_book_mockup_bgweis-scaled.jpg","type":"image\/jpeg"}],"twitter_card":"summary_large_image","twitter_misc":{"Dur\u00e9e de lecture estim\u00e9e":"1 minute"},"schema":{"@context":"https:\/\/schema.org","@graph":[{"@type":"WebPage","@id":"https:\/\/cavalcade.lu\/fr\/produit\/livre-150-jar-dikricher-cavalcade\/","url":"https:\/\/cavalcade.lu\/fr\/produit\/livre-150-jar-dikricher-cavalcade\/","name":"Livre - 150 Jar Dikricher Cavalcade - Carnaval de Diekirch","isPartOf":{"@id":"https:\/\/cavalcade.lu\/fr\/#website"},"datePublished":"2021-01-04T13:15:00+00:00","dateModified":"2022-10-10T07:31:35+00:00","breadcrumb":{"@id":"https:\/\/cavalcade.lu\/fr\/produit\/livre-150-jar-dikricher-cavalcade\/#breadcrumb"},"inLanguage":"fr-FR","potentialAction":[{"@type":"ReadAction","target":["https:\/\/cavalcade.lu\/fr\/produit\/livre-150-jar-dikricher-cavalcade\/"]}]},{"@type":"BreadcrumbList","@id":"https:\/\/cavalcade.lu\/fr\/produit\/livre-150-jar-dikricher-cavalcade\/#breadcrumb","itemListElement":[{"@type":"ListItem","position":1,"name":"Home","item":"https:\/\/cavalcade.lu\/fr\/"},{"@type":"ListItem","position":2,"name":"Livre &#8211; 150 Jar Dikricher Cavalcade"}]},{"@type":"WebSite","@id":"https:\/\/cavalcade.lu\/fr\/#website","url":"https:\/\/cavalcade.lu\/fr\/","name":"Carnaval de Diekirch","description":"Depuis 1870, la cavalcade de Diekirch est la coutume du carnaval luxembourgeois.","potentialAction":[{"@type":"SearchAction","target":{"@type":"EntryPoint","urlTemplate":"https:\/\/cavalcade.lu\/fr\/?s={search_term_string}"},"query-input":"required name=search_term_string"}],"inLanguage":"fr-FR"}]}},"_links":{"self":[{"href":"https:\/\/cavalcade.lu\/fr\/wp-json\/wp\/v2\/product\/3993"}],"collection":[{"href":"https:\/\/cavalcade.lu\/fr\/wp-json\/wp\/v2\/product"}],"about":[{"href":"https:\/\/cavalcade.lu\/fr\/wp-json\/wp\/v2\/types\/product"}],"wp:featuredmedia":[{"embeddable":true,"href":"https:\/\/cavalcade.lu\/fr\/wp-json\/wp\/v2\/media\/3983"}],"wp:attachment":[{"href":"https:\/\/cavalcade.lu\/fr\/wp-json\/wp\/v2\/media?parent=3993"}],"wp:term":[{"taxonomy":"product_cat","embeddable":true,"href":"https:\/\/cavalcade.lu\/fr\/wp-json\/wp\/v2\/product_cat?post=3993"},{"taxonomy":"product_tag","embeddable":true,"href":"https:\/\/cavalcade.lu\/fr\/wp-json\/wp\/v2\/product_tag?post=3993"}],"curies":[{"name":"wp","href":"https:\/\/api.w.org\/{rel}","templated":true}]}}